{"id":648,"date":"2025-09-10T02:09:39","date_gmt":"2025-09-09T23:09:39","guid":{"rendered":"https:\/\/elektronikbordro.com\/?page_id=648"},"modified":"2025-09-13T01:45:12","modified_gmt":"2025-09-12T22:45:12","slug":"yasal-mevzuat","status":"publish","type":"page","link":"https:\/\/elektronikbordro.com\/de\/yasal-mevzuat\/","title":{"rendered":"Gesetzliche Bestimmungen"},"content":{"rendered":"<div data-elementor-type=\"wp-page\" data-elementor-id=\"648\" class=\"elementor elementor-648\">\n\t\t\t\t<div class=\"elementor-element elementor-element-318ef8a e-flex e-con-boxed e-con e-parent\" data-id=\"318ef8a\" data-element_type=\"container\" data-settings=\"{&quot;background_background&quot;:&quot;classic&quot;,&quot;jet_parallax_layout_list&quot;:[]}\">\n\t\t\t\t\t<div class=\"e-con-inner\">\n\t\t<div class=\"elementor-element elementor-element-b5bb9f0 e-con-full e-flex e-con e-child\" data-id=\"b5bb9f0\" data-element_type=\"container\" data-settings=\"{&quot;jet_parallax_layout_list&quot;:[]}\">\n\t\t\t\t<div class=\"elementor-element elementor-element-84bb420 elementor-widget elementor-widget-heading\" data-id=\"84bb420\" data-element_type=\"widget\" data-widget_type=\"heading.default\">\n\t\t\t\t\t<h2 class=\"elementor-heading-title elementor-size-default\">Gesetzliche Bestimmungen<\/h2>\t\t\t\t<\/div>\n\t\t\t\t<\/div>\n\t\t\t\t\t<\/div>\n\t\t\t\t<\/div>\n\t\t<div class=\"elementor-element elementor-element-bd9e934 e-flex e-con-boxed elementor-invisible e-con e-parent\" data-id=\"bd9e934\" data-element_type=\"container\" data-settings=\"{&quot;jet_parallax_layout_list&quot;:[],&quot;animation&quot;:&quot;fadeInUp&quot;}\">\n\t\t\t\t\t<div class=\"e-con-inner\">\n\t\t<div class=\"elementor-element elementor-element-9fee287 e-con-full e-flex e-con e-child\" data-id=\"9fee287\" data-element_type=\"container\" data-settings=\"{&quot;jet_parallax_layout_list&quot;:[]}\">\n\t\t\t\t<div class=\"elementor-element elementor-element-ae94d71 elementor-widget elementor-widget-html\" data-id=\"ae94d71\" data-element_type=\"widget\" data-widget_type=\"html.default\">\n\t\t\t\t\t<!-- Yasal Mevzuat (inline, colorful, responsive) -->\r\n<section style=\"font-family:'Inter',system-ui,-apple-system,'Segoe UI',Roboto,Arial,sans-serif; color:#0f172a; background:#fff; padding:44px 18px;\">\r\n  <div style=\"max-width:1200px; margin:0 auto;\">\r\n    <h2 style=\"margin:0 0 6px; text-align:center; font-size:clamp(26px,3.6vw,40px); line-height:1.1;\">\r\n      Gesetzliche Bestimmungen\r\n    <\/h2>\r\n    <p style=\"text-align:center; margin:0 0 26px; color:#475569; font-size:clamp(14px,1.1vw,16px);\">\r\n      Aktuelle gesetzliche Regelungen zum Einsatz von E-Payroll und KEP\r\n    <\/p>\r\n\r\n    <div class=\"law-grid\" style=\"display:grid; gap:18px; grid-template-columns:repeat(2,1fr);\">\r\n\r\n      <!-- 4857 Say\u0131l\u0131 \u0130\u015f Kanunu -->\r\n      <article style=\"border-radius:18px; overflow:hidden; border:1px solid #e5e7eb;                      background:radial-gradient(900px 60% at -10% -20%, rgba(59,130,246,.08), transparent 60%), #fff;                      box-shadow:0 16px 36px rgba(2,6,23,.08);\">\r\n        <div style=\"height:6px; background:linear-gradient(90deg,#60a5fa,#34d399);\"><\/div>\r\n\r\n        <div style=\"padding:18px;\">\r\n          <div style=\"display:flex; align-items:center; gap:10px;\">\r\n            <span style=\"display:grid; place-items:center; width:36px; height:36px; border-radius:12px; background:#dbeafe; color:#1d4ed8; font-size:18px;\">\ud83e\uddfe<\/span>\r\n            <h3 style=\"margin:0; font-size:clamp(18px,2vw,22px);\">Arbeitsgesetz Nr. 4857<\/h3>\r\n          <\/div>\r\n\r\n          <p style=\"margin:12px 0 10px; line-height:1.8; font-size:clamp(14px,1.1vw,16px);\">\r\n            Mit der \u00c4nderung, die am 24. Juli 2025 in Kraft trat, <strong>KAPPE<\/strong> Die \u00dcbermittlung von Gehaltsabrechnungen per E-Payroll ist legal geworden. Die Nutzung von E-Payroll ist optional; Gehaltsabrechnungen an Personal <strong>KEP ile %100 yasal ge\u00e7erli<\/strong> Es wurde best\u00e4tigt, dass es als gesendet werden kann.\r\n          <\/p>\r\n\r\n          <div style=\"border:1px dashed #93c5fd; background:#eff6ff; color:#0c4a6e; padding:12px; border-radius:12px; font-size:clamp(13px,1vw,15px); margin:0 0 12px;\">\r\n            <strong>Artikel 109:<\/strong> Elektronische Benachrichtigungen unterliegen der schriftlichen Zustimmung des Arbeitnehmers <strong>KEP-System<\/strong> k\u00f6nnen per gesendet werden.\r\n          <\/div>\r\n\r\n          <h4 style=\"margin:10px 0 8px; font-size:clamp(15px,1.5vw,18px);\">Rechtsgrundlagen und Gesetzgebung<\/h4>\r\n          <ul style=\"margin:0 0 10px; padding-left:18px; line-height:1.85; font-size:clamp(14px,1.1vw,16px);\">\r\n            <li><strong>Arbeitsgesetz Nr. 4857 Artikel 37:<\/strong> Verpflichtung zur Vorlage einer Lohnabrechnung\/Unterschriftserkl\u00e4rung.<\/li>\r\n            <li><strong>Sozialversicherungsgesetz Nr. 5510, Artikel 102:<\/strong> Verwaltungsstrafe f\u00fcr Arbeitgeber, die ung\u00fcltige Lohnabrechnungen ausstellen.<\/li>\r\n            <li><strong>KEP-Meldegesetz:<\/strong> Versand von Lohnabrechnungen, Verwarnungen und Entlassungen \u00fcber KEP <strong>rechtsg\u00fcltig<\/strong>.<\/li>\r\n          <\/ul>\r\n\r\n          <div style=\"border:1px dashed #fdba74; background:#fff7ed; color:#7c2d12; padding:12px; border-radius:12px; font-size:clamp(13px,1vw,15px); margin:8px 0 12px;\">\r\n            <strong>Wichtige rechtliche Hinweise<\/strong><br>\r\n            \u2022 <strong>Unterschriftspflicht bei der Gehaltsabrechnung:<\/strong> Gem\u00e4\u00df 5510 M.102 ist bei Zahlungen per Bank\/Quittung keine Lohnunterschrift erforderlich; <em>Benachrichtigung<\/em> Es gen\u00fcgt, dies zu tun.<br>\r\n            \u2022 <strong>KEP Rechtsg\u00fcltigkeit:<\/strong> Versand von Lohnabrechnungen, Verwarnungen und Entlassungen \u00fcber KEP <strong>Notarvollmacht<\/strong> Es ist ein Beweis.<br>\r\n            \u2022 <strong>Gerichtsentscheidungen:<\/strong> Sofern im Arbeitsvertrag eine KEP-Kommunikation mit dem Personal vorgesehen ist, k\u00f6nnen KEP-Mitteilungen gerichtlich angefochten werden. <strong>voll akzeptiert<\/strong>.\r\n          <\/div>\r\n\r\n          <ul style=\"margin:0; padding-left:18px; line-height:1.85; font-size:clamp(14px,1.1vw,16px);\">\r\n            <li>Das Senden der Gehaltsabrechnung \u00fcber KEP ist legal<\/li>\r\n            <li>Muss im Arbeitsvertrag festgelegt werden<\/li>\r\n            <li>Die Kosten werden vom Arbeitgeber \u00fcbernommen<\/li>\r\n          <\/ul>\r\n        <\/div>\r\n      <\/article>\r\n\r\n      <!-- KEP Mevzuat\u0131 -->\r\n      <article style=\"border-radius:18px; overflow:hidden; border:1px solid #e5e7eb;                      background:radial-gradient(900px 60% at -10% -20%, rgba(34,197,94,.09), transparent 60%), #fff;                      box-shadow:0 16px 36px rgba(2,6,23,.08);\">\r\n        <div style=\"height:6px; background:linear-gradient(90deg,#34d399,#60a5fa);\"><\/div>\r\n\r\n        <div style=\"padding:18px;\">\r\n          <div style=\"display:flex; align-items:center; gap:10px;\">\r\n            <span style=\"display:grid; place-items:center; width:36px; height:36px; border-radius:12px; background:#dcfce7; color:#166534; font-size:18px;\">\u2705<\/span>\r\n            <h3 style=\"margin:0; font-size:clamp(18px,2vw,22px);\">KEP-Gesetzgebung<\/h3>\r\n          <\/div>\r\n\r\n          <p style=\"margin:12px 0 10px; line-height:1.8; font-size:clamp(14px,1.1vw,16px);\">\r\n            KEP-System; elektronische Nachrichten <strong>den Versand und die Zustellung protokollieren<\/strong> Die Domain ist die qualifizierte Form der elektronischen Post. Sie kann ab dem 24. Juli 2025 f\u00fcr den Versand von Gehaltsabrechnungen verwendet werden. Die elektronische Gehaltsabrechnung ist optional.\r\n          <\/p>\r\n\r\n          <div style=\"border:1px dashed #86efac; background:#ecfdf5; color:#064e3b; padding:12px; border-radius:12px; font-size:clamp(13px,1vw,15px); margin:0 0 12px;\">\r\n            <strong>Rechtsg\u00fcltigkeit:<\/strong> S\u00e4mtliche Korrespondenz, die \u00fcber KEP (<em>ausgenommen K\u00fcndigungen<\/em>) vor Gericht\r\n            <strong>das gleiche wie das schriftliche Dokument<\/strong> hat rechtlichen Wert.\r\n          <\/div>\r\n\r\n          <ul style=\"margin:0; padding-left:18px; line-height:1.85; font-size:clamp(14px,1.1vw,16px);\">\r\n            <li>Qualifizierte Form der elektronischen Post<\/li>\r\n            <li>Versand und Lieferung per Einschreiben<\/li>\r\n            <li>Im Rahmen der KEP-Gesetzgebung<\/li>\r\n            <li>Das Gericht kann keine negativen Kommentare abgeben<\/li>\r\n            <li>Volle amtliche G\u00fcltigkeit<\/li>\r\n          <\/ul>\r\n        <\/div>\r\n      <\/article>\r\n\r\n    <\/div>\r\n  <\/div>\r\n\r\n  <!-- Responsive -->\r\n  <style>\r\n    @media (max-width: 980px){\r\n      .law-grid{ grid-template-columns:1fr !important; }\r\n    }\r\n  <\/style>\r\n<\/section>\r\n\t\t\t\t<\/div>\n\t\t\t\t<\/div>\n\t\t\t\t\t<\/div>\n\t\t\t\t<\/div>\n\t\t\t\t<\/div>","protected":false},"excerpt":{"rendered":"<p>Yasal Mevzuat Yasal Mevzuat E-bordro ve KEP kullan\u0131m\u0131na ili\u015fkin g\u00fcncel yasal d\u00fczenlemeler \ud83e\uddfe 4857 Say\u0131l\u0131 \u0130\u015f Kanunu 24 Temmuz 2025 tarihinde y\u00fcr\u00fcrl\u00fc\u011fe giren de\u011fi\u015fiklikle, KEP \u00fczerinden bordro g\u00f6nderimi yasal hale gelmi\u015ftir. E-bordro kullan\u0131m\u0131 tercihe ba\u011fl\u0131d\u0131r; personele g\u00f6nderilen bordrolar\u0131n KEP ile %100 yasal ge\u00e7erli olarak g\u00f6nderilebilece\u011fi kesinle\u015fmi\u015ftir. 109. Madde: \u0130\u015f\u00e7inin yaz\u0131l\u0131 kabul\u00fc \u015fart\u0131yla elektronik bildirimler KEP [&hellip;]<\/p>","protected":false},"author":1,"featured_media":642,"parent":0,"menu_order":0,"comment_status":"closed","ping_status":"closed","template":"elementor_header_footer","meta":{"_acf_changed":false,"footnotes":""},"class_list":["post-648","page","type-page","status-publish","has-post-thumbnail","hentry"],"acf":[],"yoast_head":"<!-- This site is optimized with the Yoast SEO plugin v25.6 - https:\/\/yoast.com\/wordpress\/plugins\/seo\/ -->\n<title>Yasal Mevzuat - Elektronik Bodro<\/title>\n<meta name=\"robots\" content=\"index, follow, max-snippet:-1, max-image-preview:large, max-video-preview:-1\" \/>\n<link rel=\"canonical\" href=\"https:\/\/elektronikbordro.com\/de\/yasal-mevzuat\/\" \/>\n<meta property=\"og:locale\" content=\"de_DE\" \/>\n<meta property=\"og:type\" content=\"article\" \/>\n<meta property=\"og:title\" content=\"Yasal Mevzuat - Elektronik Bodro\" \/>\n<meta property=\"og:description\" content=\"Yasal Mevzuat Yasal Mevzuat E-bordro ve KEP kullan\u0131m\u0131na ili\u015fkin g\u00fcncel yasal d\u00fczenlemeler \ud83e\uddfe 4857 Say\u0131l\u0131 \u0130\u015f Kanunu 24 Temmuz 2025 tarihinde y\u00fcr\u00fcrl\u00fc\u011fe giren de\u011fi\u015fiklikle, KEP \u00fczerinden bordro g\u00f6nderimi yasal hale gelmi\u015ftir. E-bordro kullan\u0131m\u0131 tercihe ba\u011fl\u0131d\u0131r; personele g\u00f6nderilen bordrolar\u0131n KEP ile %100 yasal ge\u00e7erli olarak g\u00f6nderilebilece\u011fi kesinle\u015fmi\u015ftir. 109. Madde: \u0130\u015f\u00e7inin yaz\u0131l\u0131 kabul\u00fc \u015fart\u0131yla elektronik bildirimler KEP [&hellip;]\" \/>\n<meta property=\"og:url\" content=\"https:\/\/elektronikbordro.com\/de\/yasal-mevzuat\/\" \/>\n<meta property=\"og:site_name\" content=\"Elektronik Bodro\" \/>\n<meta property=\"article:modified_time\" content=\"2025-09-12T22:45:12+00:00\" \/>\n<meta property=\"og:image\" content=\"https:\/\/elektronikbordro.com\/wp-content\/uploads\/2025\/09\/cropped-elektronik-bordro-logo.png\" \/>\n\t<meta property=\"og:image:width\" content=\"512\" \/>\n\t<meta property=\"og:image:height\" content=\"512\" \/>\n\t<meta property=\"og:image:type\" content=\"image\/png\" \/>\n<meta name=\"twitter:card\" content=\"summary_large_image\" \/>\n<meta name=\"twitter:label1\" content=\"Gesch\u00e4tzte Lesezeit\" \/>\n\t<meta name=\"twitter:data1\" content=\"2\u00a0Minuten\" \/>\n<script type=\"application\/ld+json\" class=\"yoast-schema-graph\">{\"@context\":\"https:\/\/schema.org\",\"@graph\":[{\"@type\":\"WebPage\",\"@id\":\"https:\/\/elektronikbordro.com\/yasal-mevzuat\/\",\"url\":\"https:\/\/elektronikbordro.com\/yasal-mevzuat\/\",\"name\":\"Yasal Mevzuat - Elektronik Bodro\",\"isPartOf\":{\"@id\":\"https:\/\/elektronikbordro.com\/#website\"},\"primaryImageOfPage\":{\"@id\":\"https:\/\/elektronikbordro.com\/yasal-mevzuat\/#primaryimage\"},\"image\":{\"@id\":\"https:\/\/elektronikbordro.com\/yasal-mevzuat\/#primaryimage\"},\"thumbnailUrl\":\"https:\/\/elektronikbordro.com\/wp-content\/uploads\/2025\/09\/cropped-elektronik-bordro-logo.png\",\"datePublished\":\"2025-09-09T23:09:39+00:00\",\"dateModified\":\"2025-09-12T22:45:12+00:00\",\"breadcrumb\":{\"@id\":\"https:\/\/elektronikbordro.com\/yasal-mevzuat\/#breadcrumb\"},\"inLanguage\":\"de\",\"potentialAction\":[{\"@type\":\"ReadAction\",\"target\":[\"https:\/\/elektronikbordro.com\/yasal-mevzuat\/\"]}]},{\"@type\":\"ImageObject\",\"inLanguage\":\"de\",\"@id\":\"https:\/\/elektronikbordro.com\/yasal-mevzuat\/#primaryimage\",\"url\":\"https:\/\/elektronikbordro.com\/wp-content\/uploads\/2025\/09\/cropped-elektronik-bordro-logo.png\",\"contentUrl\":\"https:\/\/elektronikbordro.com\/wp-content\/uploads\/2025\/09\/cropped-elektronik-bordro-logo.png\",\"width\":512,\"height\":512},{\"@type\":\"BreadcrumbList\",\"@id\":\"https:\/\/elektronikbordro.com\/yasal-mevzuat\/#breadcrumb\",\"itemListElement\":[{\"@type\":\"ListItem\",\"position\":1,\"name\":\"Anasayfa\",\"item\":\"https:\/\/elektronikbordro.com\/\"},{\"@type\":\"ListItem\",\"position\":2,\"name\":\"Yasal Mevzuat\"}]},{\"@type\":\"WebSite\",\"@id\":\"https:\/\/elektronikbordro.com\/#website\",\"url\":\"https:\/\/elektronikbordro.com\/\",\"name\":\"Elektronik Bodro\",\"description\":\"Elektronik Bodro\",\"potentialAction\":[{\"@type\":\"SearchAction\",\"target\":{\"@type\":\"EntryPoint\",\"urlTemplate\":\"https:\/\/elektronikbordro.com\/?s={search_term_string}\"},\"query-input\":{\"@type\":\"PropertyValueSpecification\",\"valueRequired\":true,\"valueName\":\"search_term_string\"}}],\"inLanguage\":\"de\"}]}<\/script>\n<!-- \/ Yoast SEO plugin. -->","yoast_head_json":{"title":"Yasal Mevzuat - Elektronik Bodro","robots":{"index":"index","follow":"follow","max-snippet":"max-snippet:-1","max-image-preview":"max-image-preview:large","max-video-preview":"max-video-preview:-1"},"canonical":"https:\/\/elektronikbordro.com\/de\/yasal-mevzuat\/","og_locale":"de_DE","og_type":"article","og_title":"Yasal Mevzuat - Elektronik Bodro","og_description":"Yasal Mevzuat Yasal Mevzuat E-bordro ve KEP kullan\u0131m\u0131na ili\u015fkin g\u00fcncel yasal d\u00fczenlemeler \ud83e\uddfe 4857 Say\u0131l\u0131 \u0130\u015f Kanunu 24 Temmuz 2025 tarihinde y\u00fcr\u00fcrl\u00fc\u011fe giren de\u011fi\u015fiklikle, KEP \u00fczerinden bordro g\u00f6nderimi yasal hale gelmi\u015ftir. E-bordro kullan\u0131m\u0131 tercihe ba\u011fl\u0131d\u0131r; personele g\u00f6nderilen bordrolar\u0131n KEP ile %100 yasal ge\u00e7erli olarak g\u00f6nderilebilece\u011fi kesinle\u015fmi\u015ftir. 109. Madde: \u0130\u015f\u00e7inin yaz\u0131l\u0131 kabul\u00fc \u015fart\u0131yla elektronik bildirimler KEP [&hellip;]","og_url":"https:\/\/elektronikbordro.com\/de\/yasal-mevzuat\/","og_site_name":"Elektronik Bodro","article_modified_time":"2025-09-12T22:45:12+00:00","og_image":[{"width":512,"height":512,"url":"https:\/\/elektronikbordro.com\/wp-content\/uploads\/2025\/09\/cropped-elektronik-bordro-logo.png","type":"image\/png"}],"twitter_card":"summary_large_image","twitter_misc":{"Gesch\u00e4tzte Lesezeit":"2\u00a0Minuten"},"schema":{"@context":"https:\/\/schema.org","@graph":[{"@type":"WebPage","@id":"https:\/\/elektronikbordro.com\/yasal-mevzuat\/","url":"https:\/\/elektronikbordro.com\/yasal-mevzuat\/","name":"Yasal Mevzuat - Elektronik Bodro","isPartOf":{"@id":"https:\/\/elektronikbordro.com\/#website"},"primaryImageOfPage":{"@id":"https:\/\/elektronikbordro.com\/yasal-mevzuat\/#primaryimage"},"image":{"@id":"https:\/\/elektronikbordro.com\/yasal-mevzuat\/#primaryimage"},"thumbnailUrl":"https:\/\/elektronikbordro.com\/wp-content\/uploads\/2025\/09\/cropped-elektronik-bordro-logo.png","datePublished":"2025-09-09T23:09:39+00:00","dateModified":"2025-09-12T22:45:12+00:00","breadcrumb":{"@id":"https:\/\/elektronikbordro.com\/yasal-mevzuat\/#breadcrumb"},"inLanguage":"de","potentialAction":[{"@type":"ReadAction","target":["https:\/\/elektronikbordro.com\/yasal-mevzuat\/"]}]},{"@type":"ImageObject","inLanguage":"de","@id":"https:\/\/elektronikbordro.com\/yasal-mevzuat\/#primaryimage","url":"https:\/\/elektronikbordro.com\/wp-content\/uploads\/2025\/09\/cropped-elektronik-bordro-logo.png","contentUrl":"https:\/\/elektronikbordro.com\/wp-content\/uploads\/2025\/09\/cropped-elektronik-bordro-logo.png","width":512,"height":512},{"@type":"BreadcrumbList","@id":"https:\/\/elektronikbordro.com\/yasal-mevzuat\/#breadcrumb","itemListElement":[{"@type":"ListItem","position":1,"name":"Anasayfa","item":"https:\/\/elektronikbordro.com\/"},{"@type":"ListItem","position":2,"name":"Yasal Mevzuat"}]},{"@type":"WebSite","@id":"https:\/\/elektronikbordro.com\/#website","url":"https:\/\/elektronikbordro.com\/","name":"Elektronik Bodro","description":"Elektronik Bodro","potentialAction":[{"@type":"SearchAction","target":{"@type":"EntryPoint","urlTemplate":"https:\/\/elektronikbordro.com\/?s={search_term_string}"},"query-input":{"@type":"PropertyValueSpecification","valueRequired":true,"valueName":"search_term_string"}}],"inLanguage":"de"}]}},"_links":{"self":[{"href":"https:\/\/elektronikbordro.com\/de\/wp-json\/wp\/v2\/pages\/648","targetHints":{"allow":["GET"]}}],"collection":[{"href":"https:\/\/elektronikbordro.com\/de\/wp-json\/wp\/v2\/pages"}],"about":[{"href":"https:\/\/elektronikbordro.com\/de\/wp-json\/wp\/v2\/types\/page"}],"author":[{"embeddable":true,"href":"https:\/\/elektronikbordro.com\/de\/wp-json\/wp\/v2\/users\/1"}],"replies":[{"embeddable":true,"href":"https:\/\/elektronikbordro.com\/de\/wp-json\/wp\/v2\/comments?post=648"}],"version-history":[{"count":7,"href":"https:\/\/elektronikbordro.com\/de\/wp-json\/wp\/v2\/pages\/648\/revisions"}],"predecessor-version":[{"id":791,"href":"https:\/\/elektronikbordro.com\/de\/wp-json\/wp\/v2\/pages\/648\/revisions\/791"}],"wp:featuredmedia":[{"embeddable":true,"href":"https:\/\/elektronikbordro.com\/de\/wp-json\/wp\/v2\/media\/642"}],"wp:attachment":[{"href":"https:\/\/elektronikbordro.com\/de\/wp-json\/wp\/v2\/media?parent=648"}],"curies":[{"name":"wp","href":"https:\/\/api.w.org\/{rel}","templated":true}]}}